{"id":22248,"date":"2023-11-06T10:09:27","date_gmt":"2023-11-06T15:09:27","guid":{"rendered":"https:\/\/earthalivect.com\/privacidade\/"},"modified":"2024-04-28T04:10:44","modified_gmt":"2024-04-28T08:10:44","slug":"privacidade","status":"publish","type":"page","link":"https:\/\/earthalivect.com\/pt\/privacidade\/","title":{"rendered":"Privacidade"},"content":{"rendered":"\t\t<div data-elementor-type=\"wp-page\" data-elementor-id=\"22248\" class=\"elementor elementor-22248 elementor-17866\" data-elementor-post-type=\"page\">\n\t\t\t\t<div class=\"elementor-element elementor-element-60b3637 pl-gradient-section e-flex e-con-boxed e-con e-parent\" data-id=\"60b3637\" data-element_type=\"container\" data-e-type=\"container\" data-settings=\"{&quot;background_background&quot;:&quot;classic&quot;}\">\n\t\t\t\t\t<div class=\"e-con-inner\">\n\t\t<div class=\"elementor-element elementor-element-7a6bc64 e-con-full e-flex e-con e-child\" data-id=\"7a6bc64\" data-element_type=\"container\" data-e-type=\"container\">\n\t\t\t\t<div class=\"elementor-element elementor-element-8e0a3f8 elementor-widget elementor-widget-heading\" data-id=\"8e0a3f8\" data-element_type=\"widget\" data-e-type=\"widget\" data-widget_type=\"heading.default\">\n\t\t\t\t<div class=\"elementor-widget-container\">\n\t\t\t\t\t<h1 class=\"elementor-heading-title elementor-size-default\">Diretriz de privacidade<\/h1>\t\t\t\t<\/div>\n\t\t\t\t<\/div>\n\t\t\t\t<\/div>\n\t\t\t\t\t<\/div>\n\t\t\t\t<\/div>\n\t\t<div class=\"elementor-element elementor-element-651adbc e-flex e-con-boxed e-con e-parent\" data-id=\"651adbc\" data-element_type=\"container\" data-e-type=\"container\">\n\t\t\t\t\t<div class=\"e-con-inner\">\n\t\t<div class=\"elementor-element elementor-element-a92ea27 e-con-full e-flex e-con e-child\" data-id=\"a92ea27\" data-element_type=\"container\" data-e-type=\"container\">\n\t\t<div class=\"elementor-element elementor-element-72597cf e-con-full e-flex e-con e-child\" data-id=\"72597cf\" data-element_type=\"container\" data-e-type=\"container\">\n\t\t\t\t<div class=\"elementor-element elementor-element-6955108 elementor-widget elementor-widget-text-editor\" data-id=\"6955108\" data-element_type=\"widget\" data-e-type=\"widget\" data-widget_type=\"text-editor.default\">\n\t\t\t\t<div class=\"elementor-widget-container\">\n\t\t\t\t\t\t\t\t\t<h4>Prop\u00f3sito e escopo<\/h4><p>Esta Diretriz de Privacidade explica como a Earth Alive Clean Technologies Inc. coleta, utiliza, administra e divulga informa\u00e7\u00f5es pessoais e como voc\u00ea pode entrar em contato conosco se desejar acessar, atualizar ou retificar suas informa\u00e7\u00f5es pessoais.<\/p><h4>Coleta de informa\u00e7\u00f5es pessoais gerais<\/h4><p>\u00c9 prov\u00e1vel que coletemos v\u00e1rias informa\u00e7\u00f5es pessoais sobre voc\u00ea. O tipo de informa\u00e7\u00e3o pessoal que a Earth Alive pode coletar depende da nossa rela\u00e7\u00e3o com voc\u00ea e das circunst\u00e2ncias.<\/p><p>As informa\u00e7\u00f5es pessoais que coletamos podem incluir, mas n\u00e3o se limitam a:<\/p><ul><li>primeiro e \u00faltimo nomes;<\/li><li>n\u00famero de telefone, endere\u00e7o residencial e e-mail;<\/li><li>dados banc\u00e1rios e detalhes de cart\u00e3o de cr\u00e9dito \/d\u00e9bito<\/li><li>refer\u00eancias sobre voc\u00ea ou sobre sua empresa relacionadas aos nossos produtos ou servi\u00e7os.<\/li><\/ul><h4>Informa\u00e7\u00f5es pessoais de colaboradores e consultores<\/h4><p>No que diz respeito a colaboradores ou consultores que trabalham ou venham a trabalhar com a nossa empresa, com o objetivo de administrar sua rela\u00e7\u00e3o conosco, podemos coletar informa\u00e7\u00f5es pessoais complementares, como por exemplo refer\u00eancias de terceiros, dados banc\u00e1rios, informa\u00e7\u00f5es fiscais, informa\u00e7\u00f5es espec\u00edficas de sa\u00fade, contato de emerg\u00eancia e outros registros de colaboradores ou consultores. Podemos ainda verificar antecedentes criminais de profissionais que ingressarem na empresa ou que tenham contratos conosco.<\/p><p>A empresa somente coleta dados pessoais confidenciais estritamente necess\u00e1rios para um ou mais dos fins previstos nesta Diretriz de Privacidade se:<\/p><ul><li>obtivermos consentimento dos profissionais aos quais as informa\u00e7\u00f5es pessoais se referem;<\/li><li>o levantamento dessas informa\u00e7\u00f5es for necess\u00e1rio para prevenir ou reduzir risco grave \u00e0 vida, \u00e0 sa\u00fade ou \u00e0 seguran\u00e7a;<\/li><li>as informa\u00e7\u00f5es pessoais confidenciais forem exigidas pela legisla\u00e7\u00e3o aplic\u00e1vel.<\/li><\/ul><h4>Informa\u00e7\u00f5es confidenciais de clientes e fornecedores<\/h4><p>A principal finalidade para a qual coletamos e utilizamos as informa\u00e7\u00f5es pessoais s\u00e3o:<\/p><ul><li>identificar voc\u00ea;<\/li><li>estabelecer uma comunica\u00e7\u00e3o com voc\u00ea;<\/li><li>fornecer produtos e servi\u00e7os solicitados.<\/li><\/ul><p>Em determinadas circunst\u00e2ncias, talvez precisemos coletar informa\u00e7\u00f5es pessoais para estar em conformidade com obriga\u00e7\u00f5es legais, como leis de combate \u00e0 lavagem de dinheiro e financiamento de terrorismo, por exemplo. Caso voc\u00ea n\u00e3o forne\u00e7a as informa\u00e7\u00f5es necess\u00e1rias, n\u00e3o conseguiremos oferecer os devidos produtos e servi\u00e7os.<\/p><h4>Acesso, atualiza\u00e7\u00e3o e retifica\u00e7\u00e3o<\/h4><p>Mediante solicita\u00e7\u00e3o por escrito, n\u00f3s o(a) informaremos sobre a exist\u00eancia, o uso e a divulga\u00e7\u00e3o das suas informa\u00e7\u00f5es pessoais e liberaremos o acesso para voc\u00ea. Voc\u00ea tamb\u00e9m pode nos solicitar atualiza\u00e7\u00e3o ou retifica\u00e7\u00e3o das suas informa\u00e7\u00f5es pessoais. Os colaboradores podem alterar suas informa\u00e7\u00f5es pessoais diretamente no Bamboo ou entrar em contato com a diretoria de privacidade por meio dos dados de contato abaixo.<\/p><h4>Dados de contato e diretoria de privacidade<\/h4><p>Em caso de d\u00favidas sobre esta Diretriz de Privacidade ou para exercer seus direitos sob este documento, entre em contato com:<\/p><p><strong>Earth Alive Clean Technologies Inc.<\/strong><\/p><p>Contato: Diretoria de privacidade<\/p><p>Endere\u00e7o: 1050 C\u00f4te du Beaver Hall, Suite 1560, Montr\u00e9al, Qu\u00e9bec, Canada H2Z 1S4<\/p><p>E-mail: privacyofficer<a style=\"text-align: var(--text-align); background-color: #ffffff;\" href=\"mailto:rlara@earthalivect.com\">@earthalivect.com<\/a><\/p>\t\t\t\t\t\t\t\t<\/div>\n\t\t\t\t<\/div>\n\t\t\t\t<\/div>\n\t\t\t\t<\/div>\n\t\t\t\t\t<\/div>\n\t\t\t\t<\/div>\n\t\t\t\t<\/div>\n\t\t","protected":false},"excerpt":{"rendered":"<p>Diretriz de privacidade Prop\u00f3sito e escopo Esta Diretriz de Privacidade explica como a Earth Alive Clean Technologies Inc. coleta, utiliza, administra e divulga informa\u00e7\u00f5es pessoais e como voc\u00ea pode entrar em contato conosco se desejar acessar, atualizar ou retificar suas informa\u00e7\u00f5es pessoais. Coleta de informa\u00e7\u00f5es pessoais gerais \u00c9 prov\u00e1vel que coletemos v\u00e1rias informa\u00e7\u00f5es pessoais sobre [&hellip;]<\/p>\n","protected":false},"author":2,"featured_media":0,"parent":0,"menu_order":0,"comment_status":"closed","ping_status":"closed","template":"elementor_header_footer","meta":{"_acf_changed":false,"footnotes":""},"class_list":["post-22248","page","type-page","status-publish","hentry"],"acf":[],"yoast_head":"<!-- This site is optimized with the Yoast SEO plugin v27.2 - https:\/\/yoast.com\/product\/yoast-seo-wordpress\/ -->\n<title>Privacidade - Earth Alive Clean Technologies<\/title>\n<meta name=\"description\" content=\"Somos l\u00edderes no desenvolvimento, na produ\u00e7\u00e3o e na distribui\u00e7\u00e3o de solu\u00e7\u00f5es tecnol\u00f3gicas que levam a ind\u00fastria da era qu\u00edmica para a era biol\u00f3gica.\" \/>\n<meta name=\"robots\" content=\"index, follow, max-snippet:-1, max-image-preview:large, max-video-preview:-1\" \/>\n<link rel=\"canonical\" href=\"https:\/\/earthalivect.com\/pt\/privacidade\/\" \/>\n<script type=\"application\/ld+json\" class=\"yoast-schema-graph\">{\"@context\":\"https:\/\/schema.org\",\"@graph\":[{\"@type\":\"WebPage\",\"@id\":\"https:\/\/earthalivect.com\/pt\/privacidade\/\",\"url\":\"https:\/\/earthalivect.com\/pt\/privacidade\/\",\"name\":\"Privacidade - Earth Alive Clean Technologies\",\"isPartOf\":{\"@id\":\"https:\/\/earthalivect.com\/pt\/#website\"},\"datePublished\":\"2023-11-06T15:09:27+00:00\",\"dateModified\":\"2024-04-28T08:10:44+00:00\",\"description\":\"Somos l\u00edderes no desenvolvimento, na produ\u00e7\u00e3o e na distribui\u00e7\u00e3o de solu\u00e7\u00f5es tecnol\u00f3gicas que levam a ind\u00fastria da era qu\u00edmica para a era biol\u00f3gica.\",\"breadcrumb\":{\"@id\":\"https:\/\/earthalivect.com\/pt\/privacidade\/#breadcrumb\"},\"inLanguage\":\"pt-BR\",\"potentialAction\":[{\"@type\":\"ReadAction\",\"target\":[\"https:\/\/earthalivect.com\/pt\/privacidade\/\"]}]},{\"@type\":\"BreadcrumbList\",\"@id\":\"https:\/\/earthalivect.com\/pt\/privacidade\/#breadcrumb\",\"itemListElement\":[{\"@type\":\"ListItem\",\"position\":1,\"name\":\"Home\",\"item\":\"https:\/\/earthalivect.com\/pt\/\"},{\"@type\":\"ListItem\",\"position\":2,\"name\":\"Privacidade\"}]},{\"@type\":\"WebSite\",\"@id\":\"https:\/\/earthalivect.com\/pt\/#website\",\"url\":\"https:\/\/earthalivect.com\/pt\/\",\"name\":\"Earth Alive Clean Technologies\",\"description\":\"Life science at the service of the earth\",\"publisher\":{\"@id\":\"https:\/\/earthalivect.com\/pt\/#organization\"},\"alternateName\":\"Earth Alive\",\"potentialAction\":[{\"@type\":\"SearchAction\",\"target\":{\"@type\":\"EntryPoint\",\"urlTemplate\":\"https:\/\/earthalivect.com\/pt\/?s={search_term_string}\"},\"query-input\":{\"@type\":\"PropertyValueSpecification\",\"valueRequired\":true,\"valueName\":\"search_term_string\"}}],\"inLanguage\":\"pt-BR\"},{\"@type\":\"Organization\",\"@id\":\"https:\/\/earthalivect.com\/pt\/#organization\",\"name\":\"Earth Alive Clean Technologies\",\"alternateName\":\"Earth Alive\",\"url\":\"https:\/\/earthalivect.com\/pt\/\",\"logo\":{\"@type\":\"ImageObject\",\"inLanguage\":\"pt-BR\",\"@id\":\"https:\/\/earthalivect.com\/pt\/#\/schema\/logo\/image\/\",\"url\":\"https:\/\/earthalivect.com\/wp-content\/uploads\/2023\/05\/earthalive-logo.svg\",\"contentUrl\":\"https:\/\/earthalivect.com\/wp-content\/uploads\/2023\/05\/earthalive-logo.svg\",\"width\":350,\"height\":115,\"caption\":\"Earth Alive Clean Technologies\"},\"image\":{\"@id\":\"https:\/\/earthalivect.com\/pt\/#\/schema\/logo\/image\/\"},\"sameAs\":[\"https:\/\/www.facebook.com\/eacleantech\",\"https:\/\/x.com\/earthalivect\",\"https:\/\/www.linkedin.com\/company\/earth-alive-clean-technologies\"]}]}<\/script>\n<!-- \/ Yoast SEO plugin. -->","yoast_head_json":{"title":"Privacidade - Earth Alive Clean Technologies","description":"Somos l\u00edderes no desenvolvimento, na produ\u00e7\u00e3o e na distribui\u00e7\u00e3o de solu\u00e7\u00f5es tecnol\u00f3gicas que levam a ind\u00fastria da era qu\u00edmica para a era biol\u00f3gica.","robots":{"index":"index","follow":"follow","max-snippet":"max-snippet:-1","max-image-preview":"max-image-preview:large","max-video-preview":"max-video-preview:-1"},"canonical":"https:\/\/earthalivect.com\/pt\/privacidade\/","schema":{"@context":"https:\/\/schema.org","@graph":[{"@type":"WebPage","@id":"https:\/\/earthalivect.com\/pt\/privacidade\/","url":"https:\/\/earthalivect.com\/pt\/privacidade\/","name":"Privacidade - Earth Alive Clean Technologies","isPartOf":{"@id":"https:\/\/earthalivect.com\/pt\/#website"},"datePublished":"2023-11-06T15:09:27+00:00","dateModified":"2024-04-28T08:10:44+00:00","description":"Somos l\u00edderes no desenvolvimento, na produ\u00e7\u00e3o e na distribui\u00e7\u00e3o de solu\u00e7\u00f5es tecnol\u00f3gicas que levam a ind\u00fastria da era qu\u00edmica para a era biol\u00f3gica.","breadcrumb":{"@id":"https:\/\/earthalivect.com\/pt\/privacidade\/#breadcrumb"},"inLanguage":"pt-BR","potentialAction":[{"@type":"ReadAction","target":["https:\/\/earthalivect.com\/pt\/privacidade\/"]}]},{"@type":"BreadcrumbList","@id":"https:\/\/earthalivect.com\/pt\/privacidade\/#breadcrumb","itemListElement":[{"@type":"ListItem","position":1,"name":"Home","item":"https:\/\/earthalivect.com\/pt\/"},{"@type":"ListItem","position":2,"name":"Privacidade"}]},{"@type":"WebSite","@id":"https:\/\/earthalivect.com\/pt\/#website","url":"https:\/\/earthalivect.com\/pt\/","name":"Earth Alive Clean Technologies","description":"Life science at the service of the earth","publisher":{"@id":"https:\/\/earthalivect.com\/pt\/#organization"},"alternateName":"Earth Alive","potentialAction":[{"@type":"SearchAction","target":{"@type":"EntryPoint","urlTemplate":"https:\/\/earthalivect.com\/pt\/?s={search_term_string}"},"query-input":{"@type":"PropertyValueSpecification","valueRequired":true,"valueName":"search_term_string"}}],"inLanguage":"pt-BR"},{"@type":"Organization","@id":"https:\/\/earthalivect.com\/pt\/#organization","name":"Earth Alive Clean Technologies","alternateName":"Earth Alive","url":"https:\/\/earthalivect.com\/pt\/","logo":{"@type":"ImageObject","inLanguage":"pt-BR","@id":"https:\/\/earthalivect.com\/pt\/#\/schema\/logo\/image\/","url":"https:\/\/earthalivect.com\/wp-content\/uploads\/2023\/05\/earthalive-logo.svg","contentUrl":"https:\/\/earthalivect.com\/wp-content\/uploads\/2023\/05\/earthalive-logo.svg","width":350,"height":115,"caption":"Earth Alive Clean Technologies"},"image":{"@id":"https:\/\/earthalivect.com\/pt\/#\/schema\/logo\/image\/"},"sameAs":["https:\/\/www.facebook.com\/eacleantech","https:\/\/x.com\/earthalivect","https:\/\/www.linkedin.com\/company\/earth-alive-clean-technologies"]}]}},"_links":{"self":[{"href":"https:\/\/earthalivect.com\/pt\/wp-json\/wp\/v2\/pages\/22248","targetHints":{"allow":["GET"]}}],"collection":[{"href":"https:\/\/earthalivect.com\/pt\/wp-json\/wp\/v2\/pages"}],"about":[{"href":"https:\/\/earthalivect.com\/pt\/wp-json\/wp\/v2\/types\/page"}],"author":[{"embeddable":true,"href":"https:\/\/earthalivect.com\/pt\/wp-json\/wp\/v2\/users\/2"}],"replies":[{"embeddable":true,"href":"https:\/\/earthalivect.com\/pt\/wp-json\/wp\/v2\/comments?post=22248"}],"version-history":[{"count":0,"href":"https:\/\/earthalivect.com\/pt\/wp-json\/wp\/v2\/pages\/22248\/revisions"}],"wp:attachment":[{"href":"https:\/\/earthalivect.com\/pt\/wp-json\/wp\/v2\/media?parent=22248"}],"curies":[{"name":"wp","href":"https:\/\/api.w.org\/{rel}","templated":true}]}}