{"id":17867,"date":"2023-11-06T10:09:27","date_gmt":"2023-11-06T15:09:27","guid":{"rendered":"https:\/\/earthalivect.com\/?page_id=17867"},"modified":"2024-02-08T15:36:40","modified_gmt":"2024-02-08T20:36:40","slug":"politique","status":"publish","type":"page","link":"https:\/\/earthalivect.com\/fr\/politique\/","title":{"rendered":"Politique"},"content":{"rendered":"\t\t<div data-elementor-type=\"wp-page\" data-elementor-id=\"17867\" class=\"elementor elementor-17867 elementor-17866\" data-elementor-post-type=\"page\">\n\t\t\t\t<div class=\"elementor-element elementor-element-60b3637 pl-gradient-section e-flex e-con-boxed e-con e-parent\" data-id=\"60b3637\" data-element_type=\"container\" data-e-type=\"container\" data-settings=\"{&quot;background_background&quot;:&quot;classic&quot;}\">\n\t\t\t\t\t<div class=\"e-con-inner\">\n\t\t<div class=\"elementor-element elementor-element-7a6bc64 e-con-full e-flex e-con e-child\" data-id=\"7a6bc64\" data-element_type=\"container\" data-e-type=\"container\">\n\t\t\t\t<div class=\"elementor-element elementor-element-8e0a3f8 elementor-widget elementor-widget-heading\" data-id=\"8e0a3f8\" data-element_type=\"widget\" data-e-type=\"widget\" data-widget_type=\"heading.default\">\n\t\t\t\t<div class=\"elementor-widget-container\">\n\t\t\t\t\t<h1 class=\"elementor-heading-title elementor-size-default\">Directive sur la protection des renseignements personnels<\/h1>\t\t\t\t<\/div>\n\t\t\t\t<\/div>\n\t\t\t\t<\/div>\n\t\t\t\t\t<\/div>\n\t\t\t\t<\/div>\n\t\t<div class=\"elementor-element elementor-element-651adbc e-flex e-con-boxed e-con e-parent\" data-id=\"651adbc\" data-element_type=\"container\" data-e-type=\"container\">\n\t\t\t\t\t<div class=\"e-con-inner\">\n\t\t<div class=\"elementor-element elementor-element-a92ea27 e-con-full e-flex e-con e-child\" data-id=\"a92ea27\" data-element_type=\"container\" data-e-type=\"container\">\n\t\t<div class=\"elementor-element elementor-element-72597cf e-con-full e-flex e-con e-child\" data-id=\"72597cf\" data-element_type=\"container\" data-e-type=\"container\">\n\t\t\t\t<div class=\"elementor-element elementor-element-6955108 elementor-widget elementor-widget-text-editor\" data-id=\"6955108\" data-element_type=\"widget\" data-e-type=\"widget\" data-widget_type=\"text-editor.default\">\n\t\t\t\t<div class=\"elementor-widget-container\">\n\t\t\t\t\t\t\t\t\t<h4>Objectif et Port\u00e9e<\/h4>\n<p>Cette directive sur la protection des renseignements personnels explique comment Earth Alive Clean Technologies Inc. collecte, utilise, g\u00e8re et divulgue l\u2019Information Personnelle et comment vous pouvez nous contacter pour avoir acc\u00e8s, mettre \u00e0 jour ou rectifier votre Information Personnelle.<\/p>\n<h4>Collecte d\u2019Information Personnelle g\u00e9n\u00e9rale<\/h4>\n<p>Il est probable que nous collections un ensemble d\u2019Information Personnelle vous concernant. Le genre d\u2019Information Personnelle qu\u2019Earth Alive peut collecter d\u00e9pendra du type de relation que nous avons avec vous ainsi que des circonstances entourant la collecte.<\/p>\n<p>L\u2019Information Personnelle que nous collectons peut inclure, sans s\u2019y limiter :<\/p>\n<ul>\n<li>le pr\u00e9nom ainsi que le nom de famille<\/li>\n<li>le num\u00e9ro de t\u00e9l\u00e9phone, l\u2019adresse r\u00e9sidentielle ainsi que celle de courriel<\/li>\n<li>des informations sur votre compte bancaire ainsi que vos cartes de cr\u00e9dit et de d\u00e9bit, et<\/li>\n<li>de l\u2019information \u00e0 votre sujet ou en regard de votre organisation \u00e0 qui nous vendons des produits ou services.<\/li>\n<\/ul>\n<h4>Information Personnelle des employ\u00e9(e)s et consultant(e)s<\/h4>\n<p>En regard des employ\u00e9(e)s et consultant(e)s actuel(le)s ou prospectif(ve)s, nous pouvons collecter de l\u2019Information Personnelle additionnelle incluant des r\u00e9f\u00e9rences de tiers, des coordonn\u00e9es bancaires, de l\u2019information fiscale, certaines informations de sant\u00e9, des informations sur les personnes \u00e0 rejoindre en cas d\u2019urgence et d\u2019autres dossiers d\u2019employ\u00e9(e)s ou de consultant(e)s. Nous pouvons \u00e9galement v\u00e9rifier si des individus qui d\u00e9butent leur emploi ou ont un contrat avec nous ont des ant\u00e9c\u00e9dents criminels.<\/p>\n<p>Earth Alive ne collecte de l\u2019Information Personnelle sensible que lorsqu\u2019elle est raisonnablement n\u00e9cessaire aux fins de cette directive dans la mesure o\u00f9 :<\/p>\n<ul>\n<li>nous avons obtenu le consentement des individus concern\u00e9es par l\u2019Information Personnelle sensible<\/li>\n<li>la collecte d\u2019Information Personnelle sensible est n\u00e9cessaire afin de pr\u00e9venir ou de mitiger une menace s\u00e9rieuse \u00e0 la vie, la sant\u00e9 ou la s\u00e9curit\u00e9, ou<\/li>\n<li>l\u2019Information Personnelle sensible est requise en vertu des lois applicables.<\/li>\n<\/ul>\n<h4>Information Personnelle des clients et fournisseurs<\/h4>\n<p>La principale raison pour laquelle nous collectons et utilisons de l\u2019Information Personnelle est&nbsp;:<\/p>\n<ul>\n<li>d\u2019\u00e9tablir votre identit\u00e9<\/li>\n<li>de communiquer avec vous, et<\/li>\n<li>de vous fournir les produits et services demand\u00e9s.<\/li>\n<\/ul>\n<p>&nbsp;Dans certaines circonstances, nous pouvons collecter de l\u2019Information Personnelle afin de nous conformer \u00e0 des obligations l\u00e9gales, comme les lois sur le blanchiment d\u2019argent ou celles portant sur le financement des activit\u00e9s terroristes. Si vous ne nous donnez pas l\u2019information que nous vous demandons, nous ne serons pas en mesure de vous fournir nos produits ou services.<\/p>\n<h4>Acc\u00e8s, mise \u00e0 jour et correction<\/h4>\n<p>Sur demande \u00e9crite, nous vous informerons de l\u2019existence, de l\u2019utilisation et de la divulgation de votre Information Personnelle et vous y donnerons acc\u00e8s. Vous pouvez aussi demander que votre Information Personnelle soit mise \u00e0 jour ou corrig\u00e9e. Les employ\u00e9(e)s peuvent faite des corrections \u00e0 leur Information Personnelle directement dans&nbsp;<em>Bamboo<\/em>&nbsp;ou vous pouvez contacter la Responsable de la protection des renseignements personnels tel que mentionn\u00e9 ci-dessous.<\/p>\n<h4>Responsable de la protection des renseignements personnels<\/h4>\n<p>Pour toute question ou pr\u00e9occupation en regard de cette Directive sur la protection des renseignements personnels ou pour exercer l\u2019un de vos droits, veuillez contacter la Responsable de la protection des renseignements personnels tel qu\u2019indiqu\u00e9 ci-dessous :<\/p>\n<p><strong>Earth Alive Clean Technologies Inc.<\/strong><\/p>\n<p>1050, C\u00f4te du Beaver Hall, Bureau 1560, Montr\u00e9al (Qu\u00e9bec) Canada H2Z 1S4<\/p>\n<p><span style=\"text-align: var(--text-align); letter-spacing: -0.36px;\">privacyofficer<\/span><a href=\"mailto:rlara@earthalivect.com\" style=\"text-align: var(--text-align); letter-spacing: -0.36px; background-color: rgb(255, 255, 255);\">@earthalivect.com<\/a>&nbsp;<\/p>\t\t\t\t\t\t\t\t<\/div>\n\t\t\t\t<\/div>\n\t\t\t\t<\/div>\n\t\t\t\t<\/div>\n\t\t\t\t\t<\/div>\n\t\t\t\t<\/div>\n\t\t\t\t<\/div>\n\t\t","protected":false},"excerpt":{"rendered":"<p>Directive sur la protection des renseignements personnels Objectif et Port\u00e9e Cette directive sur la protection des renseignements personnels explique comment Earth Alive Clean Technologies Inc. collecte, utilise, g\u00e8re et divulgue l\u2019Information Personnelle et comment vous pouvez nous contacter pour avoir acc\u00e8s, mettre \u00e0 jour ou rectifier votre Information Personnelle. Collecte d\u2019Information Personnelle g\u00e9n\u00e9rale Il est [&hellip;]<\/p>\n","protected":false},"author":2,"featured_media":0,"parent":0,"menu_order":0,"comment_status":"closed","ping_status":"closed","template":"elementor_header_footer","meta":{"_acf_changed":false,"footnotes":""},"class_list":["post-17867","page","type-page","status-publish","hentry"],"acf":[],"yoast_head":"<!-- This site is optimized with the Yoast SEO plugin v27.2 - https:\/\/yoast.com\/product\/yoast-seo-wordpress\/ -->\n<title>Politique - Earth Alive Clean Technologies<\/title>\n<meta name=\"description\" content=\"Nous sommes leaders dans le d\u00e9veloppement, la production et la distribution de solutions technologiques qui font passer l&#039;industrie de l&#039;\u00e8re chimique \u00e0 l&#039;\u00e8re biologique.\" \/>\n<meta name=\"robots\" content=\"index, follow, max-snippet:-1, max-image-preview:large, max-video-preview:-1\" \/>\n<link rel=\"canonical\" href=\"https:\/\/earthalivect.com\/fr\/politique\/\" \/>\n<script type=\"application\/ld+json\" class=\"yoast-schema-graph\">{\"@context\":\"https:\/\/schema.org\",\"@graph\":[{\"@type\":\"WebPage\",\"@id\":\"https:\/\/earthalivect.com\/fr\/politique\/\",\"url\":\"https:\/\/earthalivect.com\/fr\/politique\/\",\"name\":\"Politique - Earth Alive Clean Technologies\",\"isPartOf\":{\"@id\":\"https:\/\/earthalivect.com\/fr\/#website\"},\"datePublished\":\"2023-11-06T15:09:27+00:00\",\"dateModified\":\"2024-02-08T20:36:40+00:00\",\"description\":\"Nous sommes leaders dans le d\u00e9veloppement, la production et la distribution de solutions technologiques qui font passer l'industrie de l'\u00e8re chimique \u00e0 l'\u00e8re biologique.\",\"breadcrumb\":{\"@id\":\"https:\/\/earthalivect.com\/fr\/politique\/#breadcrumb\"},\"inLanguage\":\"fr-FR\",\"potentialAction\":[{\"@type\":\"ReadAction\",\"target\":[\"https:\/\/earthalivect.com\/fr\/politique\/\"]}]},{\"@type\":\"BreadcrumbList\",\"@id\":\"https:\/\/earthalivect.com\/fr\/politique\/#breadcrumb\",\"itemListElement\":[{\"@type\":\"ListItem\",\"position\":1,\"name\":\"Home\",\"item\":\"https:\/\/earthalivect.com\/fr\/\"},{\"@type\":\"ListItem\",\"position\":2,\"name\":\"Politique\"}]},{\"@type\":\"WebSite\",\"@id\":\"https:\/\/earthalivect.com\/fr\/#website\",\"url\":\"https:\/\/earthalivect.com\/fr\/\",\"name\":\"Earth Alive Clean Technologies\",\"description\":\" \",\"publisher\":{\"@id\":\"https:\/\/earthalivect.com\/fr\/#organization\"},\"alternateName\":\"Earth Alive\",\"potentialAction\":[{\"@type\":\"SearchAction\",\"target\":{\"@type\":\"EntryPoint\",\"urlTemplate\":\"https:\/\/earthalivect.com\/fr\/?s={search_term_string}\"},\"query-input\":{\"@type\":\"PropertyValueSpecification\",\"valueRequired\":true,\"valueName\":\"search_term_string\"}}],\"inLanguage\":\"fr-FR\"},{\"@type\":\"Organization\",\"@id\":\"https:\/\/earthalivect.com\/fr\/#organization\",\"name\":\"Earth Alive Clean Technologies\",\"alternateName\":\"Earth Alive\",\"url\":\"https:\/\/earthalivect.com\/fr\/\",\"logo\":{\"@type\":\"ImageObject\",\"inLanguage\":\"fr-FR\",\"@id\":\"https:\/\/earthalivect.com\/fr\/#\/schema\/logo\/image\/\",\"url\":\"https:\/\/earthalivect.com\/wp-content\/uploads\/2023\/05\/earthalive-logo.svg\",\"contentUrl\":\"https:\/\/earthalivect.com\/wp-content\/uploads\/2023\/05\/earthalive-logo.svg\",\"width\":350,\"height\":115,\"caption\":\"Earth Alive Clean Technologies\"},\"image\":{\"@id\":\"https:\/\/earthalivect.com\/fr\/#\/schema\/logo\/image\/\"},\"sameAs\":[\"https:\/\/www.facebook.com\/eacleantech\",\"https:\/\/x.com\/earthalivect\",\"https:\/\/www.linkedin.com\/company\/earth-alive-clean-technologies\"]}]}<\/script>\n<!-- \/ Yoast SEO plugin. -->","yoast_head_json":{"title":"Politique - Earth Alive Clean Technologies","description":"Nous sommes leaders dans le d\u00e9veloppement, la production et la distribution de solutions technologiques qui font passer l'industrie de l'\u00e8re chimique \u00e0 l'\u00e8re biologique.","robots":{"index":"index","follow":"follow","max-snippet":"max-snippet:-1","max-image-preview":"max-image-preview:large","max-video-preview":"max-video-preview:-1"},"canonical":"https:\/\/earthalivect.com\/fr\/politique\/","schema":{"@context":"https:\/\/schema.org","@graph":[{"@type":"WebPage","@id":"https:\/\/earthalivect.com\/fr\/politique\/","url":"https:\/\/earthalivect.com\/fr\/politique\/","name":"Politique - Earth Alive Clean Technologies","isPartOf":{"@id":"https:\/\/earthalivect.com\/fr\/#website"},"datePublished":"2023-11-06T15:09:27+00:00","dateModified":"2024-02-08T20:36:40+00:00","description":"Nous sommes leaders dans le d\u00e9veloppement, la production et la distribution de solutions technologiques qui font passer l'industrie de l'\u00e8re chimique \u00e0 l'\u00e8re biologique.","breadcrumb":{"@id":"https:\/\/earthalivect.com\/fr\/politique\/#breadcrumb"},"inLanguage":"fr-FR","potentialAction":[{"@type":"ReadAction","target":["https:\/\/earthalivect.com\/fr\/politique\/"]}]},{"@type":"BreadcrumbList","@id":"https:\/\/earthalivect.com\/fr\/politique\/#breadcrumb","itemListElement":[{"@type":"ListItem","position":1,"name":"Home","item":"https:\/\/earthalivect.com\/fr\/"},{"@type":"ListItem","position":2,"name":"Politique"}]},{"@type":"WebSite","@id":"https:\/\/earthalivect.com\/fr\/#website","url":"https:\/\/earthalivect.com\/fr\/","name":"Earth Alive Clean Technologies","description":" ","publisher":{"@id":"https:\/\/earthalivect.com\/fr\/#organization"},"alternateName":"Earth Alive","potentialAction":[{"@type":"SearchAction","target":{"@type":"EntryPoint","urlTemplate":"https:\/\/earthalivect.com\/fr\/?s={search_term_string}"},"query-input":{"@type":"PropertyValueSpecification","valueRequired":true,"valueName":"search_term_string"}}],"inLanguage":"fr-FR"},{"@type":"Organization","@id":"https:\/\/earthalivect.com\/fr\/#organization","name":"Earth Alive Clean Technologies","alternateName":"Earth Alive","url":"https:\/\/earthalivect.com\/fr\/","logo":{"@type":"ImageObject","inLanguage":"fr-FR","@id":"https:\/\/earthalivect.com\/fr\/#\/schema\/logo\/image\/","url":"https:\/\/earthalivect.com\/wp-content\/uploads\/2023\/05\/earthalive-logo.svg","contentUrl":"https:\/\/earthalivect.com\/wp-content\/uploads\/2023\/05\/earthalive-logo.svg","width":350,"height":115,"caption":"Earth Alive Clean Technologies"},"image":{"@id":"https:\/\/earthalivect.com\/fr\/#\/schema\/logo\/image\/"},"sameAs":["https:\/\/www.facebook.com\/eacleantech","https:\/\/x.com\/earthalivect","https:\/\/www.linkedin.com\/company\/earth-alive-clean-technologies"]}]}},"_links":{"self":[{"href":"https:\/\/earthalivect.com\/fr\/wp-json\/wp\/v2\/pages\/17867","targetHints":{"allow":["GET"]}}],"collection":[{"href":"https:\/\/earthalivect.com\/fr\/wp-json\/wp\/v2\/pages"}],"about":[{"href":"https:\/\/earthalivect.com\/fr\/wp-json\/wp\/v2\/types\/page"}],"author":[{"embeddable":true,"href":"https:\/\/earthalivect.com\/fr\/wp-json\/wp\/v2\/users\/2"}],"replies":[{"embeddable":true,"href":"https:\/\/earthalivect.com\/fr\/wp-json\/wp\/v2\/comments?post=17867"}],"version-history":[{"count":0,"href":"https:\/\/earthalivect.com\/fr\/wp-json\/wp\/v2\/pages\/17867\/revisions"}],"wp:attachment":[{"href":"https:\/\/earthalivect.com\/fr\/wp-json\/wp\/v2\/media?parent=17867"}],"curies":[{"name":"wp","href":"https:\/\/api.w.org\/{rel}","templated":true}]}}