{"id":22246,"date":"2023-11-06T10:09:27","date_gmt":"2023-11-06T15:09:27","guid":{"rendered":"https:\/\/earthalivect.com\/privacidad\/"},"modified":"2024-04-28T03:56:09","modified_gmt":"2024-04-28T07:56:09","slug":"privacidad","status":"publish","type":"page","link":"https:\/\/earthalivect.com\/es\/privacidad\/","title":{"rendered":"Privacidad"},"content":{"rendered":"\t\t<div data-elementor-type=\"wp-page\" data-elementor-id=\"22246\" class=\"elementor elementor-22246 elementor-17866\" data-elementor-post-type=\"page\">\n\t\t\t\t<div class=\"elementor-element elementor-element-60b3637 pl-gradient-section e-flex e-con-boxed e-con e-parent\" data-id=\"60b3637\" data-element_type=\"container\" data-e-type=\"container\" data-settings=\"{&quot;background_background&quot;:&quot;classic&quot;}\">\n\t\t\t\t\t<div class=\"e-con-inner\">\n\t\t<div class=\"elementor-element elementor-element-7a6bc64 e-con-full e-flex e-con e-child\" data-id=\"7a6bc64\" data-element_type=\"container\" data-e-type=\"container\">\n\t\t\t\t<div class=\"elementor-element elementor-element-8e0a3f8 elementor-widget elementor-widget-heading\" data-id=\"8e0a3f8\" data-element_type=\"widget\" data-e-type=\"widget\" data-widget_type=\"heading.default\">\n\t\t\t\t<div class=\"elementor-widget-container\">\n\t\t\t\t\t<h1 class=\"elementor-heading-title elementor-size-default\">Directiva de privacidad<\/h1>\t\t\t\t<\/div>\n\t\t\t\t<\/div>\n\t\t\t\t<\/div>\n\t\t\t\t\t<\/div>\n\t\t\t\t<\/div>\n\t\t<div class=\"elementor-element elementor-element-651adbc e-flex e-con-boxed e-con e-parent\" data-id=\"651adbc\" data-element_type=\"container\" data-e-type=\"container\">\n\t\t\t\t\t<div class=\"e-con-inner\">\n\t\t<div class=\"elementor-element elementor-element-a92ea27 e-con-full e-flex e-con e-child\" data-id=\"a92ea27\" data-element_type=\"container\" data-e-type=\"container\">\n\t\t<div class=\"elementor-element elementor-element-72597cf e-con-full e-flex e-con e-child\" data-id=\"72597cf\" data-element_type=\"container\" data-e-type=\"container\">\n\t\t\t\t<div class=\"elementor-element elementor-element-6955108 elementor-widget elementor-widget-text-editor\" data-id=\"6955108\" data-element_type=\"widget\" data-e-type=\"widget\" data-widget_type=\"text-editor.default\">\n\t\t\t\t<div class=\"elementor-widget-container\">\n\t\t\t\t\t\t\t\t\t<h4>Prop\u00f3sito y alcance<\/h4><p>En la Directiva de privacidad se explica c\u00f3mo Earth Alive Clean Technologies, Inc. recopila, utiliza, administra y divulga informaci\u00f3n personal y c\u00f3mo se puede comunicar con nosotros si quiere acceder, actualizar o rectificar su informaci\u00f3n personal.<\/p><h4>Recopilaci\u00f3n de informaci\u00f3n personal general<\/h4><p>Es probable que recopilemos un conjunto de informaci\u00f3n personal sobre usted. El tipo de informaci\u00f3n personal que Earth Alive puede recopilar depender\u00e1 de nuestra relaci\u00f3n con usted y las circunstancias de la recopilaci\u00f3n.<\/p><p>La informaci\u00f3n personal que recopilamos puede incluir, entre otros, lo siguiente:<\/p><ul><li>nombre y apellido;<\/li><li>n\u00famero de tel\u00e9fono, domicilio y direcci\u00f3n de correo electr\u00f3nico;<\/li><li>detalles de la cuenta bancaria y detalles de las tarjetas de d\u00e9bito o cr\u00e9dito; y<\/li><li>detalles de referencia sobre usted o su organizaci\u00f3n relacionados con nuestros productos o servicios.<\/li><\/ul><h4>Informaci\u00f3n personal de los empleados y asesores<\/h4><p>Con respecto a los empleados y asesores actuales y potenciales, para gestionar su relaci\u00f3n con nosotros, podemos recopilar informaci\u00f3n personal adicional, incluidas las referencias de terceros, los detalles de cuentas bancarias, la informaci\u00f3n fiscal, determinada informaci\u00f3n de salud, los detalles de contactos de emergencia y otros registros de empleados o asesores. Tambi\u00e9n podemos realizar comprobaciones de antecedentes penales a las personas que comiencen a trabajar o tengan un acuerdo de contrataci\u00f3n con nosotros.<\/p><p>Earth Alive solo recopila informaci\u00f3n personal confidencial razonablemente necesaria por uno o m\u00e1s de los usos en esta Directiva de privacidad si:<\/p><ul><li>tenemos el consentimiento de las personas con las que se relaciona la informaci\u00f3n personal confidencial;<\/li><li>la recopilaci\u00f3n es necesaria para prevenir o disminuir una grave amenaza a la vida, salud o seguridad; o<\/li><li>la informaci\u00f3n personal confidencial es necesaria bajo la legislaci\u00f3n aplicable.<\/li><\/ul><h4>Informaci\u00f3n personal de los clientes y proveedores<\/h4><p>El prop\u00f3sito principal por el que recopilamos y utilizamos informaci\u00f3n personal es para hacer lo siguiente:<\/p><ul><li>establecer su identidad;<\/li><li>comunicarnos con usted; y<\/li><li>proporcionarle los productos y servicios solicitados.<\/li><\/ul><p>En determinados casos, es posible que necesitemos recopilar informaci\u00f3n personal para cumplir con nuestras obligaciones legales, como las leyes contra el lavado de dinero y la financiaci\u00f3n del terrorismo. Si no nos brinda la informaci\u00f3n solicitada, no podremos proporcionarle nuestros productos o servicios.<\/p><h4>Acceso, actualizaci\u00f3n y correcci\u00f3n<\/h4><p>Mediante una previa solicitud por escrito, le informaremos de la existencia, el uso y la divulgaci\u00f3n de su informaci\u00f3n personal y le proporcionaremos acceso a ella, o tambi\u00e9n podr\u00e1 pedirnos que actualicemos o corrijamos su informaci\u00f3n personal. Los empleados pueden hacer cambios en su informaci\u00f3n personal directamente en Bamboo o puede comunicase con el Funcionario de privacidad mediante la informaci\u00f3n de contacto que aparece a continuaci\u00f3n.<\/p><h4>Funcionario de privacidad e informaci\u00f3n de contacto<\/h4><p>Si tiene preguntas con respecto a esta Directiva de privacidad o para ejercer los derechos que le otorga, comun\u00edquese con:<\/p><p><strong>Earth Alive Clean Technologies Inc.<\/strong><\/p><p>Persona de contacto: Funcionario de privacidad<\/p><p>Domicilio: 1050 C\u00f4te du Beaver Hall, Suite 1560, Montr\u00e9al, Qu\u00e9bec, Canad\u00e1 H2Z 1S4<\/p><p>Correo electr\u00f3nico: privacyofficer<a style=\"text-align: var(--text-align); background-color: #ffffff;\" href=\"mailto:rlara@earthalivect.com\">@earthalivect.com<\/a><\/p>\t\t\t\t\t\t\t\t<\/div>\n\t\t\t\t<\/div>\n\t\t\t\t<\/div>\n\t\t\t\t<\/div>\n\t\t\t\t\t<\/div>\n\t\t\t\t<\/div>\n\t\t\t\t<\/div>\n\t\t","protected":false},"excerpt":{"rendered":"<p>Directiva de privacidad Prop\u00f3sito y alcance En la Directiva de privacidad se explica c\u00f3mo Earth Alive Clean Technologies, Inc. recopila, utiliza, administra y divulga informaci\u00f3n personal y c\u00f3mo se puede comunicar con nosotros si quiere acceder, actualizar o rectificar su informaci\u00f3n personal. Recopilaci\u00f3n de informaci\u00f3n personal general Es probable que recopilemos un conjunto de informaci\u00f3n [&hellip;]<\/p>\n","protected":false},"author":2,"featured_media":0,"parent":0,"menu_order":0,"comment_status":"closed","ping_status":"closed","template":"elementor_header_footer","meta":{"_acf_changed":false,"footnotes":""},"class_list":["post-22246","page","type-page","status-publish","hentry"],"acf":[],"yoast_head":"<!-- This site is optimized with the Yoast SEO plugin v27.2 - https:\/\/yoast.com\/product\/yoast-seo-wordpress\/ -->\n<title>Privacidad - Earth Alive Clean Technologies<\/title>\n<meta name=\"description\" content=\"Somos l\u00edderes en el desarrollo, la producci\u00f3n y la distribuci\u00f3n de soluciones tecnol\u00f3gicas que trasladan la industria de la era qu\u00edmica a la biol\u00f3gica.\" \/>\n<meta name=\"robots\" content=\"index, follow, max-snippet:-1, max-image-preview:large, max-video-preview:-1\" \/>\n<link rel=\"canonical\" href=\"https:\/\/earthalivect.com\/es\/privacidad\/\" \/>\n<script type=\"application\/ld+json\" class=\"yoast-schema-graph\">{\"@context\":\"https:\/\/schema.org\",\"@graph\":[{\"@type\":\"WebPage\",\"@id\":\"https:\/\/earthalivect.com\/es\/privacidad\/\",\"url\":\"https:\/\/earthalivect.com\/es\/privacidad\/\",\"name\":\"Privacidad - Earth Alive Clean Technologies\",\"isPartOf\":{\"@id\":\"https:\/\/earthalivect.com\/es\/#website\"},\"datePublished\":\"2023-11-06T15:09:27+00:00\",\"dateModified\":\"2024-04-28T07:56:09+00:00\",\"description\":\"Somos l\u00edderes en el desarrollo, la producci\u00f3n y la distribuci\u00f3n de soluciones tecnol\u00f3gicas que trasladan la industria de la era qu\u00edmica a la biol\u00f3gica.\",\"breadcrumb\":{\"@id\":\"https:\/\/earthalivect.com\/es\/privacidad\/#breadcrumb\"},\"inLanguage\":\"es\",\"potentialAction\":[{\"@type\":\"ReadAction\",\"target\":[\"https:\/\/earthalivect.com\/es\/privacidad\/\"]}]},{\"@type\":\"BreadcrumbList\",\"@id\":\"https:\/\/earthalivect.com\/es\/privacidad\/#breadcrumb\",\"itemListElement\":[{\"@type\":\"ListItem\",\"position\":1,\"name\":\"Home\",\"item\":\"https:\/\/earthalivect.com\/es\/\"},{\"@type\":\"ListItem\",\"position\":2,\"name\":\"Privacidad\"}]},{\"@type\":\"WebSite\",\"@id\":\"https:\/\/earthalivect.com\/es\/#website\",\"url\":\"https:\/\/earthalivect.com\/es\/\",\"name\":\"Earth Alive Clean Technologies\",\"description\":\"Life science at the service of the earth\",\"publisher\":{\"@id\":\"https:\/\/earthalivect.com\/es\/#organization\"},\"alternateName\":\"Earth Alive\",\"potentialAction\":[{\"@type\":\"SearchAction\",\"target\":{\"@type\":\"EntryPoint\",\"urlTemplate\":\"https:\/\/earthalivect.com\/es\/?s={search_term_string}\"},\"query-input\":{\"@type\":\"PropertyValueSpecification\",\"valueRequired\":true,\"valueName\":\"search_term_string\"}}],\"inLanguage\":\"es\"},{\"@type\":\"Organization\",\"@id\":\"https:\/\/earthalivect.com\/es\/#organization\",\"name\":\"Earth Alive Clean Technologies\",\"alternateName\":\"Earth Alive\",\"url\":\"https:\/\/earthalivect.com\/es\/\",\"logo\":{\"@type\":\"ImageObject\",\"inLanguage\":\"es\",\"@id\":\"https:\/\/earthalivect.com\/es\/#\/schema\/logo\/image\/\",\"url\":\"https:\/\/earthalivect.com\/wp-content\/uploads\/2023\/05\/earthalive-logo.svg\",\"contentUrl\":\"https:\/\/earthalivect.com\/wp-content\/uploads\/2023\/05\/earthalive-logo.svg\",\"width\":350,\"height\":115,\"caption\":\"Earth Alive Clean Technologies\"},\"image\":{\"@id\":\"https:\/\/earthalivect.com\/es\/#\/schema\/logo\/image\/\"},\"sameAs\":[\"https:\/\/www.facebook.com\/eacleantech\",\"https:\/\/x.com\/earthalivect\",\"https:\/\/www.linkedin.com\/company\/earth-alive-clean-technologies\"]}]}<\/script>\n<!-- \/ Yoast SEO plugin. -->","yoast_head_json":{"title":"Privacidad - Earth Alive Clean Technologies","description":"Somos l\u00edderes en el desarrollo, la producci\u00f3n y la distribuci\u00f3n de soluciones tecnol\u00f3gicas que trasladan la industria de la era qu\u00edmica a la biol\u00f3gica.","robots":{"index":"index","follow":"follow","max-snippet":"max-snippet:-1","max-image-preview":"max-image-preview:large","max-video-preview":"max-video-preview:-1"},"canonical":"https:\/\/earthalivect.com\/es\/privacidad\/","schema":{"@context":"https:\/\/schema.org","@graph":[{"@type":"WebPage","@id":"https:\/\/earthalivect.com\/es\/privacidad\/","url":"https:\/\/earthalivect.com\/es\/privacidad\/","name":"Privacidad - Earth Alive Clean Technologies","isPartOf":{"@id":"https:\/\/earthalivect.com\/es\/#website"},"datePublished":"2023-11-06T15:09:27+00:00","dateModified":"2024-04-28T07:56:09+00:00","description":"Somos l\u00edderes en el desarrollo, la producci\u00f3n y la distribuci\u00f3n de soluciones tecnol\u00f3gicas que trasladan la industria de la era qu\u00edmica a la biol\u00f3gica.","breadcrumb":{"@id":"https:\/\/earthalivect.com\/es\/privacidad\/#breadcrumb"},"inLanguage":"es","potentialAction":[{"@type":"ReadAction","target":["https:\/\/earthalivect.com\/es\/privacidad\/"]}]},{"@type":"BreadcrumbList","@id":"https:\/\/earthalivect.com\/es\/privacidad\/#breadcrumb","itemListElement":[{"@type":"ListItem","position":1,"name":"Home","item":"https:\/\/earthalivect.com\/es\/"},{"@type":"ListItem","position":2,"name":"Privacidad"}]},{"@type":"WebSite","@id":"https:\/\/earthalivect.com\/es\/#website","url":"https:\/\/earthalivect.com\/es\/","name":"Earth Alive Clean Technologies","description":"Life science at the service of the earth","publisher":{"@id":"https:\/\/earthalivect.com\/es\/#organization"},"alternateName":"Earth Alive","potentialAction":[{"@type":"SearchAction","target":{"@type":"EntryPoint","urlTemplate":"https:\/\/earthalivect.com\/es\/?s={search_term_string}"},"query-input":{"@type":"PropertyValueSpecification","valueRequired":true,"valueName":"search_term_string"}}],"inLanguage":"es"},{"@type":"Organization","@id":"https:\/\/earthalivect.com\/es\/#organization","name":"Earth Alive Clean Technologies","alternateName":"Earth Alive","url":"https:\/\/earthalivect.com\/es\/","logo":{"@type":"ImageObject","inLanguage":"es","@id":"https:\/\/earthalivect.com\/es\/#\/schema\/logo\/image\/","url":"https:\/\/earthalivect.com\/wp-content\/uploads\/2023\/05\/earthalive-logo.svg","contentUrl":"https:\/\/earthalivect.com\/wp-content\/uploads\/2023\/05\/earthalive-logo.svg","width":350,"height":115,"caption":"Earth Alive Clean Technologies"},"image":{"@id":"https:\/\/earthalivect.com\/es\/#\/schema\/logo\/image\/"},"sameAs":["https:\/\/www.facebook.com\/eacleantech","https:\/\/x.com\/earthalivect","https:\/\/www.linkedin.com\/company\/earth-alive-clean-technologies"]}]}},"_links":{"self":[{"href":"https:\/\/earthalivect.com\/es\/wp-json\/wp\/v2\/pages\/22246","targetHints":{"allow":["GET"]}}],"collection":[{"href":"https:\/\/earthalivect.com\/es\/wp-json\/wp\/v2\/pages"}],"about":[{"href":"https:\/\/earthalivect.com\/es\/wp-json\/wp\/v2\/types\/page"}],"author":[{"embeddable":true,"href":"https:\/\/earthalivect.com\/es\/wp-json\/wp\/v2\/users\/2"}],"replies":[{"embeddable":true,"href":"https:\/\/earthalivect.com\/es\/wp-json\/wp\/v2\/comments?post=22246"}],"version-history":[{"count":0,"href":"https:\/\/earthalivect.com\/es\/wp-json\/wp\/v2\/pages\/22246\/revisions"}],"wp:attachment":[{"href":"https:\/\/earthalivect.com\/es\/wp-json\/wp\/v2\/media?parent=22246"}],"curies":[{"name":"wp","href":"https:\/\/api.w.org\/{rel}","templated":true}]}}